{"id":4322,"date":"2025-11-21T10:12:17","date_gmt":"2025-11-21T15:12:17","guid":{"rendered":"https:\/\/sagesfous.com\/?page_id=4322"},"modified":"2025-11-21T10:45:10","modified_gmt":"2025-11-21T15:45:10","slug":"videos-about-the-unusual-theater-factory","status":"publish","type":"page","link":"https:\/\/sagesfous.com\/en\/la-fabrique-de-theatre-insolite\/videos-about-the-unusual-theater-factory\/","title":{"rendered":"Videos about the Fabrique de th\u00e9\u00e2tre insolite"},"content":{"rendered":"\n<section class=\"wp-block-stereo-section-bloc section-block-normal\"><div class=\"wp-block-stereo-section__container\"><div class=\"wp-block-stereo-section__col is-layout-flow wp-block-section-bloc-is-layout-flow\">\n<div class=\"wp-block-group is-layout-grid wp-container-core-group-is-layout-745cfb5f wp-block-group-is-layout-grid\" style=\"margin-top:var(--wp--preset--spacing--medium)\">\n<div class=\"wp-block-group wp-container-content-2155ee95 is-layout-constrained wp-block-group-is-layout-constrained\">\n    <div class=\"c-card c-card__flex u-bg-color-primary-800 u-bg-pattern-red u-radius-sm u-p-lg block-flexible-card\">\n                                                    <span class=\"o-responsive-img  \" style=\"padding-top:56.25%;\"><img decoding=\"async\" width=\"193\" height=\"109\" src=\"https:\/\/sagesfous.com\/app\/uploads\/2025\/03\/micro-festival-de-marionnettes-inachevees-e1762189116434.png\" class=\"attachment-thumbnail size-thumbnail\" alt=\"\" loading=\"eager\" \/><\/span>                                                                <h4 class=\"-title-display u-mb-sm u-color-primary-200\">\n                    Micro-Festival de marionnettes inachev\u00e9es 2024                <\/h4>\n                                                                <div class=\"o-button-group\">\n                    \n\n<a    class=\"o-button \"\n                href=\"https:\/\/www.youtube.com\/watch?v=dinguvQ2hW0\"        target=\"_blank\"            >\n\n    <span class=\"o-button__text\">Vid\u00e9o<\/span>                    <svg aria-hidden=\"true\" focusable=\"false\" class=\"o-ico -icon-arrow-full-right\">\n        <use xlink:href=\"https:\/\/sagesfous.com\/app\/themes\/baserock\/assets\/img\/sprite.svg?v=bad38f466aa4940e77#arrow-full-right\"><\/use>\n    <\/svg>\n        \n<\/a>                <\/div>\n                        <\/div>\n<\/div>\n\n\n\n<div class=\"wp-block-group is-layout-constrained wp-block-group-is-layout-constrained\">\n    <div class=\"c-card c-card__flex u-bg-color-primary-800 u-bg-pattern-red u-radius-sm u-p-lg block-flexible-card\">\n                                                    <span class=\"o-responsive-img  \" style=\"padding-top:56.25%;\"><img fetchpriority=\"high\" decoding=\"async\" width=\"2064\" height=\"979\" src=\"https:\/\/sagesfous.com\/app\/uploads\/2025\/11\/sagesfous-juillet2024-052.jpg\" class=\"attachment-o-grid-12 size-o-grid-12\" alt=\"\" loading=\"eager\" srcset=\"https:\/\/sagesfous.com\/app\/uploads\/2025\/11\/sagesfous-juillet2024-052.jpg 2064w, https:\/\/sagesfous.com\/app\/uploads\/2025\/11\/sagesfous-juillet2024-052-1024x486.jpg 1024w, https:\/\/sagesfous.com\/app\/uploads\/2025\/11\/sagesfous-juillet2024-052-1920x911.jpg 1920w, https:\/\/sagesfous.com\/app\/uploads\/2025\/11\/sagesfous-juillet2024-052-500x237.jpg 500w, https:\/\/sagesfous.com\/app\/uploads\/2025\/11\/sagesfous-juillet2024-052-768x364.jpg 768w, https:\/\/sagesfous.com\/app\/uploads\/2025\/11\/sagesfous-juillet2024-052-1536x729.jpg 1536w, https:\/\/sagesfous.com\/app\/uploads\/2025\/11\/sagesfous-juillet2024-052-2048x971.jpg 2048w\" sizes=\"(max-width: 2064px) 100vw, 2064px\" \/><\/span>                                                                <h4 class=\"-title-display u-mb-sm u-color-primary-200\">\n                    La Fabrique de th\u00e9\u00e2tre insolite prend vie 2023 &#8211; 2024                <\/h4>\n                                                                <div class=\"o-button-group\">\n                    \n\n<a    class=\"o-button \"\n                href=\"https:\/\/vimeo.com\/1052676995\"        target=\"_blank\"            >\n\n    <span class=\"o-button__text\">Vid\u00e9o<\/span>                    <svg aria-hidden=\"true\" focusable=\"false\" class=\"o-ico -icon-arrow-full-right\">\n        <use xlink:href=\"https:\/\/sagesfous.com\/app\/themes\/baserock\/assets\/img\/sprite.svg?v=bad38f466aa4940e77#arrow-full-right\"><\/use>\n    <\/svg>\n        \n<\/a>                <\/div>\n                        <\/div>\n<\/div>\n\n\n\n<div class=\"wp-block-group is-layout-constrained wp-block-group-is-layout-constrained\">\n    <div class=\"c-card c-card__flex u-bg-color-primary-800 u-bg-pattern-red u-radius-sm u-p-lg block-flexible-card\">\n                                                    <span class=\"o-responsive-img  \" style=\"padding-top:56.25%;\"><img decoding=\"async\" width=\"1305\" height=\"531\" src=\"https:\/\/sagesfous.com\/app\/uploads\/2025\/11\/capture-decran-le-2025-11-03-a-120208.png\" class=\"attachment-o-grid-12 size-o-grid-12\" alt=\"\" loading=\"eager\" srcset=\"https:\/\/sagesfous.com\/app\/uploads\/2025\/11\/capture-decran-le-2025-11-03-a-120208.png 1305w, https:\/\/sagesfous.com\/app\/uploads\/2025\/11\/capture-decran-le-2025-11-03-a-120208-1024x417.png 1024w, https:\/\/sagesfous.com\/app\/uploads\/2025\/11\/capture-decran-le-2025-11-03-a-120208-500x203.png 500w, https:\/\/sagesfous.com\/app\/uploads\/2025\/11\/capture-decran-le-2025-11-03-a-120208-768x312.png 768w\" sizes=\"(max-width: 1305px) 100vw, 1305px\" \/><\/span>                                                                <h4 class=\"-title-display u-mb-sm u-color-primary-200\">\n                    Bien b\u00e2ti &#8211; T\u00e9l\u00e9-Qu\u00e9bec 2025                <\/h4>\n                                                                <div class=\"o-button-group\">\n                    \n\n<a    class=\"o-button \"\n                href=\"https:\/\/video.telequebec.tv\/player\/54326\/stream?assetType=episodes\"        target=\"_blank\"            >\n\n    <span class=\"o-button__text\">Vid\u00e9o<\/span>                    <svg aria-hidden=\"true\" focusable=\"false\" class=\"o-ico -icon-arrow-full-right\">\n        <use xlink:href=\"https:\/\/sagesfous.com\/app\/themes\/baserock\/assets\/img\/sprite.svg?v=bad38f466aa4940e77#arrow-full-right\"><\/use>\n    <\/svg>\n        \n<\/a>                <\/div>\n                        <\/div>\n<\/div>\n<\/div>\n\n\n\n<div class=\"wp-block-group is-layout-grid wp-container-core-group-is-layout-745cfb5f wp-block-group-is-layout-grid\" style=\"margin-top:var(--wp--preset--spacing--medium)\">\n<div class=\"wp-block-group wp-container-content-2155ee95 is-layout-constrained wp-block-group-is-layout-constrained\">\n    <div class=\"c-card c-card__flex u-bg-color-primary-800 u-bg-pattern-red u-radius-sm u-p-lg block-flexible-card\">\n                                                    <span class=\"o-responsive-img  \" style=\"padding-top:56.25%;\"><img decoding=\"async\" width=\"442\" height=\"248\" src=\"https:\/\/sagesfous.com\/app\/uploads\/2025\/05\/capture-decran-le-2022-01-19-a-151547-1-442x258-1.png\" class=\"attachment-thumbnail size-thumbnail\" alt=\"\" loading=\"eager\" \/><\/span>                                                                <h4 class=\"-title-display u-mb-sm u-color-primary-200\">\n                    Micro-Festival de marionnettes inachev\u00e9es 2009                <\/h4>\n                                                                <div class=\"o-button-group\">\n                    \n\n<a    class=\"o-button \"\n                href=\"https:\/\/www.sagesfous.com\/SITEWEB_2022\/videos\/9_FabriqueCulturelle_Microfestival_2014.mp4\"        target=\"_blank\"            >\n\n    <span class=\"o-button__text\">Vid\u00e9o<\/span>                    <svg aria-hidden=\"true\" focusable=\"false\" class=\"o-ico -icon-arrow-full-right\">\n        <use xlink:href=\"https:\/\/sagesfous.com\/app\/themes\/baserock\/assets\/img\/sprite.svg?v=bad38f466aa4940e77#arrow-full-right\"><\/use>\n    <\/svg>\n        \n<\/a>                <\/div>\n                        <\/div>\n<\/div>\n\n\n\n<div class=\"wp-block-group is-layout-constrained wp-block-group-is-layout-constrained\">\n    <div class=\"c-card c-card__flex u-bg-color-primary-800 u-bg-pattern-red u-radius-sm u-p-lg block-flexible-card\">\n                                                    <span class=\"o-responsive-img  \" style=\"padding-top:56.25%;\"><img decoding=\"async\" width=\"442\" height=\"248\" src=\"https:\/\/sagesfous.com\/app\/uploads\/2025\/05\/oeufs-442x336-1.jpeg\" class=\"attachment-thumbnail size-thumbnail\" alt=\"\" loading=\"eager\" \/><\/span>                                                                <h4 class=\"-title-display u-mb-sm u-color-primary-200\">\n                    Creative Mornings                <\/h4>\n                                                                <div class=\"o-button-group\">\n                    \n\n<a    class=\"o-button \"\n                href=\"https:\/\/www.youtube.com\/watch?v=9hc9v7Ez-_0&#038;ab_channel=CreativeMorningsHQ\"        target=\"_blank\"            >\n\n    <span class=\"o-button__text\">Vid\u00e9o<\/span>                    <svg aria-hidden=\"true\" focusable=\"false\" class=\"o-ico -icon-arrow-full-right\">\n        <use xlink:href=\"https:\/\/sagesfous.com\/app\/themes\/baserock\/assets\/img\/sprite.svg?v=bad38f466aa4940e77#arrow-full-right\"><\/use>\n    <\/svg>\n        \n<\/a>                <\/div>\n                        <\/div>\n<\/div>\n\n\n\n<div class=\"wp-block-group is-layout-constrained wp-block-group-is-layout-constrained\">\n    <div class=\"c-card c-card__flex u-bg-color-primary-800 u-bg-pattern-red u-radius-sm u-p-lg block-flexible-card\">\n                                                    <span class=\"o-responsive-img  \" style=\"padding-top:56.25%;\"><img decoding=\"async\" width=\"442\" height=\"248\" src=\"https:\/\/sagesfous.com\/app\/uploads\/2025\/05\/capture-decran-le-2022-01-19-a-164531-1-442x305-1.png\" class=\"attachment-thumbnail size-thumbnail\" alt=\"\" loading=\"eager\" \/><\/span>                                                                <h4 class=\"-title-display u-mb-sm u-color-primary-200\">\n                    Paysages Mauricie                <\/h4>\n                                                                <div class=\"o-button-group\">\n                    \n\n<a    class=\"o-button \"\n                href=\"https:\/\/www.youtube.com\/watch?v=bGl0vm3m-ts&#038;ab_channel=culturemauricie\"        target=\"_blank\"            >\n\n    <span class=\"o-button__text\">Vid\u00e9o<\/span>                    <svg aria-hidden=\"true\" focusable=\"false\" class=\"o-ico -icon-arrow-full-right\">\n        <use xlink:href=\"https:\/\/sagesfous.com\/app\/themes\/baserock\/assets\/img\/sprite.svg?v=bad38f466aa4940e77#arrow-full-right\"><\/use>\n    <\/svg>\n        \n<\/a>                <\/div>\n                        <\/div>\n<\/div>\n<\/div>\n\n\n\n<div class=\"wp-block-group is-layout-grid wp-container-core-group-is-layout-988b637e wp-block-group-is-layout-grid\">\n<div class=\"wp-block-group wp-container-content-2155ee95 is-layout-constrained wp-block-group-is-layout-constrained\">\n    <div class=\"c-card c-card__flex u-bg-color-primary-800 u-bg-pattern-red u-radius-sm u-p-lg block-flexible-card\">\n                                                    <span class=\"o-responsive-img  \" style=\"padding-top:56.25%;\"><img decoding=\"async\" width=\"442\" height=\"248\" src=\"https:\/\/sagesfous.com\/app\/uploads\/2025\/05\/capture-decran-le-2023-08-17-a-115352-1-442x287-1.png\" class=\"attachment-thumbnail size-thumbnail\" alt=\"\" loading=\"eager\" \/><\/span>                                                                <h4 class=\"-title-display u-mb-sm u-color-primary-200\">\n                    Traces et visages                <\/h4>\n                                                                <div class=\"o-button-group\">\n                    \n\n<a    class=\"o-button \"\n                href=\"https:\/\/www.youtube.com\/watch?v=lv9kj7lo_HM&#038;ab_channel=LesSAGESFOUS\"        target=\"_blank\"            >\n\n    <span class=\"o-button__text\">Vid\u00e9o<\/span>                    <svg aria-hidden=\"true\" focusable=\"false\" class=\"o-ico -icon-arrow-full-right\">\n        <use xlink:href=\"https:\/\/sagesfous.com\/app\/themes\/baserock\/assets\/img\/sprite.svg?v=bad38f466aa4940e77#arrow-full-right\"><\/use>\n    <\/svg>\n        \n<\/a>                <\/div>\n                        <\/div>\n<\/div>\n\n\n\n<div class=\"wp-block-group is-layout-constrained wp-block-group-is-layout-constrained\">\n    <div class=\"c-card c-card__flex u-bg-color-primary-800 u-bg-pattern-red u-radius-sm u-p-lg block-flexible-card\">\n                                                    <span class=\"o-responsive-img  \" style=\"padding-top:56.25%;\"><img decoding=\"async\" width=\"515\" height=\"290\" src=\"https:\/\/sagesfous.com\/app\/uploads\/2025\/05\/coupe-du-ruban-copie-2-515x290-1.jpg\" class=\"attachment-o-grid-12 size-o-grid-12\" alt=\"\" loading=\"eager\" srcset=\"https:\/\/sagesfous.com\/app\/uploads\/2025\/05\/coupe-du-ruban-copie-2-515x290-1.jpg 515w, https:\/\/sagesfous.com\/app\/uploads\/2025\/05\/coupe-du-ruban-copie-2-515x290-1-500x282.jpg 500w\" sizes=\"(max-width: 515px) 100vw, 515px\" \/><\/span>                                                                <h4 class=\"-title-display u-mb-sm u-color-primary-200\">\n                    C\u00e9r\u00e9monie d&#8217;ouverture 2023                <\/h4>\n                                                                <div class=\"o-button-group\">\n                    \n\n<a    class=\"o-button \"\n                href=\"https:\/\/www.youtube.com\/watch?v=hytPA-c5djM&#038;t=2s&#038;ab_channel=LesSAGESFOUS\"        target=\"_blank\"            >\n\n    <span class=\"o-button__text\">Vid\u00e9o<\/span>                    <svg aria-hidden=\"true\" focusable=\"false\" class=\"o-ico -icon-arrow-full-right\">\n        <use xlink:href=\"https:\/\/sagesfous.com\/app\/themes\/baserock\/assets\/img\/sprite.svg?v=bad38f466aa4940e77#arrow-full-right\"><\/use>\n    <\/svg>\n        \n<\/a>                <\/div>\n                        <\/div>\n<\/div>\n\n\n\n<div class=\"wp-block-group is-layout-constrained wp-block-group-is-layout-constrained\">\n    <div class=\"c-card c-card__flex u-bg-color-primary-800 u-bg-pattern-red u-radius-sm u-p-lg block-flexible-card\">\n                                                    <span class=\"o-responsive-img  \" style=\"padding-top:56.25%;\"><img decoding=\"async\" width=\"440\" height=\"248\" src=\"https:\/\/sagesfous.com\/app\/uploads\/2025\/05\/capture-decran-le-2022-04-01-a-142839-1-442x248-1.png\" class=\"attachment-thumbnail size-thumbnail\" alt=\"\" loading=\"eager\" \/><\/span>                                                                <h4 class=\"-title-display u-mb-sm u-color-primary-200\">\n                    Puppet Podcast                <\/h4>\n                                                                <div class=\"o-button-group\">\n                    \n\n<a    class=\"o-button \"\n                href=\"https:\/\/www.youtube.com\/watch?v=NLXi6QTCD3M&#038;ab_channel=LesSAGESFOUS\"        target=\"_blank\"            >\n\n    <span class=\"o-button__text\">vid\u00e9o<\/span>                    <svg aria-hidden=\"true\" focusable=\"false\" class=\"o-ico -icon-arrow-full-right\">\n        <use xlink:href=\"https:\/\/sagesfous.com\/app\/themes\/baserock\/assets\/img\/sprite.svg?v=bad38f466aa4940e77#arrow-full-right\"><\/use>\n    <\/svg>\n        \n<\/a>                <\/div>\n                        <\/div>\n<\/div>\n<\/div>\n<\/div><\/div><\/section>\n","protected":false},"excerpt":{"rendered":"","protected":false},"author":3,"featured_media":2781,"parent":3193,"menu_order":0,"comment_status":"closed","ping_status":"closed","template":"","meta":{"_acf_changed":false,"footnotes":""},"class_list":["post-4322","page","type-page","status-publish","has-post-thumbnail","hentry"],"acf":[],"_links":{"self":[{"href":"https:\/\/sagesfous.com\/en\/wp-json\/wp\/v2\/pages\/4322","targetHints":{"allow":["GET"]}}],"collection":[{"href":"https:\/\/sagesfous.com\/en\/wp-json\/wp\/v2\/pages"}],"about":[{"href":"https:\/\/sagesfous.com\/en\/wp-json\/wp\/v2\/types\/page"}],"author":[{"embeddable":true,"href":"https:\/\/sagesfous.com\/en\/wp-json\/wp\/v2\/users\/3"}],"replies":[{"embeddable":true,"href":"https:\/\/sagesfous.com\/en\/wp-json\/wp\/v2\/comments?post=4322"}],"version-history":[{"count":2,"href":"https:\/\/sagesfous.com\/en\/wp-json\/wp\/v2\/pages\/4322\/revisions"}],"predecessor-version":[{"id":4335,"href":"https:\/\/sagesfous.com\/en\/wp-json\/wp\/v2\/pages\/4322\/revisions\/4335"}],"up":[{"embeddable":true,"href":"https:\/\/sagesfous.com\/en\/wp-json\/wp\/v2\/pages\/3193"}],"wp:featuredmedia":[{"embeddable":true,"href":"https:\/\/sagesfous.com\/en\/wp-json\/wp\/v2\/media\/2781"}],"wp:attachment":[{"href":"https:\/\/sagesfous.com\/en\/wp-json\/wp\/v2\/media?parent=4322"}],"curies":[{"name":"wp","href":"https:\/\/api.w.org\/{rel}","templated":true}]}}