{"id":3319,"date":"2025-02-27T16:13:53","date_gmt":"2025-02-27T21:13:53","guid":{"rendered":"https:\/\/sagesfous.com\/location\/"},"modified":"2025-07-19T12:04:56","modified_gmt":"2025-07-19T16:04:56","slug":"location","status":"publish","type":"page","link":"https:\/\/sagesfous.com\/en\/location\/","title":{"rendered":"Rental"},"content":{"rendered":"\n<section class=\"wp-block-stereo-section-bloc section-block-normal\"><div class=\"wp-block-stereo-section__container\"><div class=\"wp-block-stereo-section__col is-layout-flow wp-block-section-bloc-is-layout-flow\">\n<p>At the <strong>Fabrique de th\u00e9\u00e2tre insolite<\/strong>, certain spaces are available for rental for meetings, workshops or intimate events.insolite, certains espaces sont ouverts \u00e0 la location pour des rencontres, des ateliers ou des \u00e9v\u00e9nements intimistes.<\/p>\n\n\n\n<p>The <strong>Salon de l&#8217;\u00c9trange<\/strong> is a warm and unique place to hold your events in a hushed atmosphere of mystery and inspiration. A simple, functional meeting room is also available for small-group work or reflection sessions.<\/p>\n\n\n<div class=\"gallery-lightbox\" data-module=\"GLightbox\">\n<figure class=\"wp-block-gallery has-nested-images columns-default is-cropped wp-block-gallery-1 is-layout-flex wp-block-gallery-is-layout-flex\">\n<figure class=\"wp-block-image size-large\"><img loading=\"lazy\" decoding=\"async\" width=\"500\" height=\"333\" data-id=\"3147\" src=\"https:\/\/sagesfous.com\/app\/uploads\/2025\/07\/2-salon-de-l-etrange-1-500x333-2.jpg\" alt=\"\" class=\"wp-image-3147\"\/><\/figure>\n\n\n\n<figure class=\"wp-block-image size-large\"><img loading=\"lazy\" decoding=\"async\" width=\"500\" height=\"333\" data-id=\"3149\" src=\"https:\/\/sagesfous.com\/app\/uploads\/2025\/07\/3-salon-de-l-etrange-2-500x333-2.jpg\" alt=\"\" class=\"wp-image-3149\"\/><\/figure>\n\n\n\n<figure class=\"wp-block-image size-large\"><img loading=\"lazy\" decoding=\"async\" width=\"640\" height=\"480\" data-id=\"3151\" src=\"https:\/\/sagesfous.com\/app\/uploads\/2025\/07\/img-2146-1.jpg\" alt=\"\" class=\"wp-image-3151\" srcset=\"https:\/\/sagesfous.com\/app\/uploads\/2025\/07\/img-2146-1.jpg 640w, https:\/\/sagesfous.com\/app\/uploads\/2025\/07\/img-2146-1-500x375.jpg 500w\" sizes=\"auto, (max-width: 640px) 100vw, 640px\" \/><\/figure>\n<\/figure>\n<\/div>\n\n\n<p>The other spaces &#8211; <strong>the NEF, Petit Laboratoire and the workshops <\/strong>&#8211; are not available for rental. These spaces are dedicated to the creative work of artists in residence, in a spirit of research, exchange and exploration. Some places must remain refuges for the imagination!<\/p>\n<\/div><\/div><\/section>\n\n\n\n<hr class=\"wp-block-separator has-alpha-channel-opacity\"\/>\n\n\n\n<p class=\"has-text-align-center has-white-color has-text-color has-background has-link-color wp-elements-52f753b47ea265faa9e80003cdc0c220\" style=\"background-color:#6b1e03\"><strong>To rent a space for an event or a meeting, please contact us: :  <a href=\"mailto:info@sagesfous.com\">info@sagesfous.com<\/a><\/strong><\/p>\n\n\n\n<hr class=\"wp-block-separator has-alpha-channel-opacity\"\/>\n\n\n\n<p><\/p>\n","protected":false},"excerpt":{"rendered":"<p>To rent a space for an event or a meeting, please contact us: : info@sagesfous.com<\/p>\n","protected":false},"author":1,"featured_media":3164,"parent":0,"menu_order":0,"comment_status":"closed","ping_status":"closed","template":"","meta":{"_acf_changed":false,"footnotes":""},"class_list":["post-3319","page","type-page","status-publish","has-post-thumbnail","hentry"],"acf":[],"_links":{"self":[{"href":"https:\/\/sagesfous.com\/en\/wp-json\/wp\/v2\/pages\/3319","targetHints":{"allow":["GET"]}}],"collection":[{"href":"https:\/\/sagesfous.com\/en\/wp-json\/wp\/v2\/pages"}],"about":[{"href":"https:\/\/sagesfous.com\/en\/wp-json\/wp\/v2\/types\/page"}],"author":[{"embeddable":true,"href":"https:\/\/sagesfous.com\/en\/wp-json\/wp\/v2\/users\/1"}],"replies":[{"embeddable":true,"href":"https:\/\/sagesfous.com\/en\/wp-json\/wp\/v2\/comments?post=3319"}],"version-history":[{"count":2,"href":"https:\/\/sagesfous.com\/en\/wp-json\/wp\/v2\/pages\/3319\/revisions"}],"predecessor-version":[{"id":3324,"href":"https:\/\/sagesfous.com\/en\/wp-json\/wp\/v2\/pages\/3319\/revisions\/3324"}],"wp:featuredmedia":[{"embeddable":true,"href":"https:\/\/sagesfous.com\/en\/wp-json\/wp\/v2\/media\/3164"}],"wp:attachment":[{"href":"https:\/\/sagesfous.com\/en\/wp-json\/wp\/v2\/media?parent=3319"}],"curies":[{"name":"wp","href":"https:\/\/api.w.org\/{rel}","templated":true}]}}