{"id":3249,"date":"2025-02-27T16:14:32","date_gmt":"2025-02-27T21:14:32","guid":{"rendered":"https:\/\/sagesfous.com\/espace-pro\/"},"modified":"2025-12-05T15:39:00","modified_gmt":"2025-12-05T20:39:00","slug":"espace-pro","status":"publish","type":"page","link":"https:\/\/sagesfous.com\/en\/espace-pro\/","title":{"rendered":"Pro area"},"content":{"rendered":"\n<section class=\"wp-block-stereo-section-bloc section-block-normal\"><div class=\"wp-block-stereo-section__container\"><div class=\"wp-block-stereo-section__col is-layout-flow wp-block-section-bloc-is-layout-flow\">\n<h4 class=\"wp-block-heading is-style-alternate-3\">SHOWS AVAILABLE FOR TOURING<\/h4>\n\n\n\n<h3 class=\"wp-block-heading is-style-alternate\"><strong>TRICYCKLE<\/strong><\/h3>\n\n\n\n<div class=\"wp-block-media-text is-stacked-on-mobile is-image-fill-element\" style=\"grid-template-columns:42% auto\"><figure class=\"wp-block-media-text__media\"><img loading=\"lazy\" decoding=\"async\" width=\"597\" height=\"448\" src=\"https:\/\/sagesfous.com\/app\/uploads\/2025\/03\/tricyckles-lessagesfous-068-copy-2000x2000-800x600-1-e1749587247374.jpeg\" alt=\"\" class=\"wp-image-1411 size-full\" style=\"object-position:67% 18%\" srcset=\"https:\/\/sagesfous.com\/app\/uploads\/2025\/03\/tricyckles-lessagesfous-068-copy-2000x2000-800x600-1-e1749587247374.jpeg 597w, https:\/\/sagesfous.com\/app\/uploads\/2025\/03\/tricyckles-lessagesfous-068-copy-2000x2000-800x600-1-e1749587247374-500x375.jpeg 500w\" sizes=\"auto, (max-width: 597px) 100vw, 597px\" \/><\/figure><div class=\"wp-block-media-text__content\">\n<p><\/p>\n\n\n\n<div class=\"wp-block-group is-layout-constrained wp-block-group-is-layout-constrained\" style=\"padding-top:var(--wp--preset--spacing--medium)\">\n<div class=\"o-grid block-pdf-list\">\n            <a href=\"https:\/\/sagesfous.com\/app\/uploads\/2025\/12\/TRICYCLE_devis_english_2023.pdf\" class=\"o-grid-6 c-card u-bg-color-primary-950 u-radius-sm u-p-md\" target=\"_blank\">\n            <p class=\"-text-lg c-card__file\">\n                TECHNICAL RIDER                <span class=\"c-card__file__icon__wrap\">\n                        <svg aria-hidden=\"true\" focusable=\"false\" class=\"o-ico c-card__file__icon\">\n        <use xlink:href=\"https:\/\/sagesfous.com\/app\/themes\/baserock\/assets\/img\/sprite.svg?v=bad38f466aa4940e77#pdf\"><\/use>\n    <\/svg>\n                    <\/span>\n            <\/p>\n        <\/a>\n            <a href=\"https:\/\/sagesfous.com\/app\/uploads\/2025\/12\/Dossier-presseTricyckle2023.pdf\" class=\"o-grid-6 c-card u-bg-color-primary-950 u-radius-sm u-p-md\" target=\"_blank\">\n            <p class=\"-text-lg c-card__file\">\n                PRESS CLIPPINGS (french only)                <span class=\"c-card__file__icon__wrap\">\n                        <svg aria-hidden=\"true\" focusable=\"false\" class=\"o-ico c-card__file__icon\">\n        <use xlink:href=\"https:\/\/sagesfous.com\/app\/themes\/baserock\/assets\/img\/sprite.svg?v=bad38f466aa4940e77#pdf\"><\/use>\n    <\/svg>\n                    <\/span>\n            <\/p>\n        <\/a>\n            <a href=\"https:\/\/sagesfous.com\/app\/uploads\/2025\/03\/Tricycle_presentation_2023_fr-compresse.pdf\" class=\"o-grid-6 c-card u-bg-color-primary-950 u-radius-sm u-p-md\" target=\"_blank\">\n            <p class=\"-text-lg c-card__file\">\n                PRESENTATION DOCUMENT (french only)                <span class=\"c-card__file__icon__wrap\">\n                        <svg aria-hidden=\"true\" focusable=\"false\" class=\"o-ico c-card__file__icon\">\n        <use xlink:href=\"https:\/\/sagesfous.com\/app\/themes\/baserock\/assets\/img\/sprite.svg?v=bad38f466aa4940e77#pdf\"><\/use>\n    <\/svg>\n                    <\/span>\n            <\/p>\n        <\/a>\n    <\/div>    \n\n\n\n<div class=\"wp-block-group is-layout-constrained wp-block-group-is-layout-constrained\" style=\"padding-top:var(--wp--preset--spacing--medium)\">\n<p><strong>VIDEO CLIPS<\/strong><\/p>\n\n\n\n<p>\u2013 Watch a very\u00a0<a href=\"https:\/\/www.youtube.com\/watch?time_continue=2&amp;v=9jAkVjy44CI&amp;loop=0&amp;autoplay=0\" target=\"_blank\" rel=\"noreferrer noopener\">short clip of Tricyckle<\/a>\u00a0 (30sec)<br>\u2013 Watch a\u00a0<a href=\"https:\/\/www.youtube.com\/watch?v=htbpr9ODHBM\" target=\"_blank\" rel=\"noreferrer noopener\">clip from Tricyckle\u00a0<\/a>(2m36)<br>\u2013 The complete captation is available on request.<\/p>\n<\/div>\n<\/div>\n<\/div><\/div>\n<\/div><\/div><\/section>\n\n\n\n<section class=\"wp-block-stereo-section-bloc section-block-normal\"><div class=\"wp-block-stereo-section__container\"><div class=\"wp-block-stereo-section__col is-layout-flow wp-block-section-bloc-is-layout-flow\">\n<h3 class=\"wp-block-heading is-style-alternate\">ORPHAN CIRCUS<\/h3>\n\n\n\n<div class=\"wp-block-media-text is-stacked-on-mobile is-image-fill-element\" style=\"grid-template-columns:42% auto\"><figure class=\"wp-block-media-text__media\"><img loading=\"lazy\" decoding=\"async\" width=\"1793\" height=\"2384\" src=\"https:\/\/sagesfous.com\/app\/uploads\/2025\/03\/01-i-sagesfous-02.jpg\" alt=\"\" class=\"wp-image-573 size-full\" style=\"object-position:50% 50%\" srcset=\"https:\/\/sagesfous.com\/app\/uploads\/2025\/03\/01-i-sagesfous-02.jpg 1793w, https:\/\/sagesfous.com\/app\/uploads\/2025\/03\/01-i-sagesfous-02-1024x1362.jpg 1024w, https:\/\/sagesfous.com\/app\/uploads\/2025\/03\/01-i-sagesfous-02-500x665.jpg 500w, https:\/\/sagesfous.com\/app\/uploads\/2025\/03\/01-i-sagesfous-02-768x1021.jpg 768w, https:\/\/sagesfous.com\/app\/uploads\/2025\/03\/01-i-sagesfous-02-1155x1536.jpg 1155w, https:\/\/sagesfous.com\/app\/uploads\/2025\/03\/01-i-sagesfous-02-1540x2048.jpg 1540w\" sizes=\"auto, (max-width: 1793px) 100vw, 1793px\" \/><\/figure><div class=\"wp-block-media-text__content\">\n<p><\/p>\n\n\n\n<div class=\"o-grid block-pdf-list\">\n            <a href=\"https:\/\/sagesfous.com\/app\/uploads\/2025\/12\/Tech_rider_ORPHAN_CIRCUS_2025.pdf\" class=\"o-grid-6 c-card u-bg-color-primary-950 u-radius-sm u-p-md\" target=\"_blank\">\n            <p class=\"-text-lg c-card__file\">\n                TECHNICAL RIDER                <span class=\"c-card__file__icon__wrap\">\n                        <svg aria-hidden=\"true\" focusable=\"false\" class=\"o-ico c-card__file__icon\">\n        <use xlink:href=\"https:\/\/sagesfous.com\/app\/themes\/baserock\/assets\/img\/sprite.svg?v=bad38f466aa4940e77#pdf\"><\/use>\n    <\/svg>\n                    <\/span>\n            <\/p>\n        <\/a>\n            <a href=\"https:\/\/sagesfous.com\/app\/uploads\/2025\/12\/Dossier-depresse_LeCirqueOrphelin2023.pdf\" class=\"o-grid-6 c-card u-bg-color-primary-950 u-radius-sm u-p-md\" target=\"_blank\">\n            <p class=\"-text-lg c-card__file\">\n                PRESS CLIPPINGS                <span class=\"c-card__file__icon__wrap\">\n                        <svg aria-hidden=\"true\" focusable=\"false\" class=\"o-ico c-card__file__icon\">\n        <use xlink:href=\"https:\/\/sagesfous.com\/app\/themes\/baserock\/assets\/img\/sprite.svg?v=bad38f466aa4940e77#pdf\"><\/use>\n    <\/svg>\n                    <\/span>\n            <\/p>\n        <\/a>\n    <\/div>    \n\n\n\n<div class=\"wp-block-group is-layout-constrained wp-block-group-is-layout-constrained\" style=\"padding-top:var(--wp--preset--spacing--medium)\">\n<div class=\"wp-block-group is-layout-constrained wp-block-group-is-layout-constrained\" style=\"padding-top:var(--wp--preset--spacing--medium)\">\n<h1 class=\"wp-block-heading\">VIDEOS EXCERPTS<\/h1>\n\n\n\n<p><br>&#8211; Watch a<a href=\"https:\/\/www.youtube.com\/watch?v=lLF14lzyfq0\" target=\"_blank\" rel=\"noreferrer noopener\">&nbsp;15 minute video excerpt<\/a><a href=\"http:\/\/youtu.be\/ACZBThla0-o\" target=\"_blank\" rel=\"noreferrer noopener\"><br><\/a>or a&nbsp;<a href=\"http:\/\/www.sagesfous.com\/cirqueorphelin\/CIRQUE_2min_20101123_fr.mp4\" target=\"_blank\" rel=\"noreferrer noopener\">2 minute excerpt&nbsp;<\/a>of The Orphan Circus.<br><br>&#8211; FULL VIDEO AVAILABLE ON REQUEST<\/p>\n<\/div>\n<\/div>\n<\/div><\/div>\n<\/div><\/div><\/section>\n\n\n\n<section class=\"wp-block-stereo-section-bloc section-block-normal\"><div class=\"wp-block-stereo-section__container\"><div class=\"wp-block-stereo-section__col is-layout-flow wp-block-section-bloc-is-layout-flow\">\n<h3 class=\"wp-block-heading is-style-alternate\">PETITS PAINS OUBLI\u00c9S : Exp\u00e9dition Qu\u00e9bec<\/h3>\n\n\n\n<div class=\"wp-block-media-text is-stacked-on-mobile is-image-fill-element\" style=\"grid-template-columns:42% auto\"><figure class=\"wp-block-media-text__media\"><img loading=\"lazy\" decoding=\"async\" width=\"1920\" height=\"1280\" src=\"https:\/\/sagesfous.com\/app\/uploads\/2025\/03\/img-4250-1920x1280.jpg\" alt=\"\" class=\"wp-image-578 size-full\" style=\"object-position:50% 50%\" srcset=\"https:\/\/sagesfous.com\/app\/uploads\/2025\/03\/img-4250-1920x1280.jpg 1920w, https:\/\/sagesfous.com\/app\/uploads\/2025\/03\/img-4250-1024x683.jpg 1024w, https:\/\/sagesfous.com\/app\/uploads\/2025\/03\/img-4250-500x333.jpg 500w, https:\/\/sagesfous.com\/app\/uploads\/2025\/03\/img-4250-768x512.jpg 768w, https:\/\/sagesfous.com\/app\/uploads\/2025\/03\/img-4250-1536x1024.jpg 1536w, https:\/\/sagesfous.com\/app\/uploads\/2025\/03\/img-4250-2048x1365.jpg 2048w\" sizes=\"auto, (max-width: 1920px) 100vw, 1920px\" \/><\/figure><div class=\"wp-block-media-text__content\">\n<div class=\"o-grid block-pdf-list\">\n            <a href=\"https:\/\/sagesfous.com\/app\/uploads\/2025\/03\/fiche_technique_tarifs_2023.pdf\" class=\"o-grid-6 c-card u-bg-color-primary-950 u-radius-sm u-p-md\" target=\"_blank\">\n            <p class=\"-text-lg c-card__file\">\n                TECHNICAL RIDER (french only)                <span class=\"c-card__file__icon__wrap\">\n                        <svg aria-hidden=\"true\" focusable=\"false\" class=\"o-ico c-card__file__icon\">\n        <use xlink:href=\"https:\/\/sagesfous.com\/app\/themes\/baserock\/assets\/img\/sprite.svg?v=bad38f466aa4940e77#pdf\"><\/use>\n    <\/svg>\n                    <\/span>\n            <\/p>\n        <\/a>\n    <\/div>    \n\n\n\n<div class=\"wp-block-group is-layout-constrained wp-block-group-is-layout-constrained\" style=\"padding-top:var(--wp--preset--spacing--medium)\"><\/div>\n<\/div><\/div>\n<\/div><\/div><\/section>\n","protected":false},"excerpt":{"rendered":"","protected":false},"author":1,"featured_media":0,"parent":0,"menu_order":0,"comment_status":"closed","ping_status":"closed","template":"","meta":{"_acf_changed":false,"footnotes":""},"class_list":["post-3249","page","type-page","status-publish","hentry"],"acf":[],"_links":{"self":[{"href":"https:\/\/sagesfous.com\/en\/wp-json\/wp\/v2\/pages\/3249","targetHints":{"allow":["GET"]}}],"collection":[{"href":"https:\/\/sagesfous.com\/en\/wp-json\/wp\/v2\/pages"}],"about":[{"href":"https:\/\/sagesfous.com\/en\/wp-json\/wp\/v2\/types\/page"}],"author":[{"embeddable":true,"href":"https:\/\/sagesfous.com\/en\/wp-json\/wp\/v2\/users\/1"}],"replies":[{"embeddable":true,"href":"https:\/\/sagesfous.com\/en\/wp-json\/wp\/v2\/comments?post=3249"}],"version-history":[{"count":3,"href":"https:\/\/sagesfous.com\/en\/wp-json\/wp\/v2\/pages\/3249\/revisions"}],"predecessor-version":[{"id":4559,"href":"https:\/\/sagesfous.com\/en\/wp-json\/wp\/v2\/pages\/3249\/revisions\/4559"}],"wp:attachment":[{"href":"https:\/\/sagesfous.com\/en\/wp-json\/wp\/v2\/media?parent=3249"}],"curies":[{"name":"wp","href":"https:\/\/api.w.org\/{rel}","templated":true}]}}