{"id":3215,"date":"2025-02-28T10:42:11","date_gmt":"2025-02-28T15:42:11","guid":{"rendered":"https:\/\/sagesfous.com\/les-sages-fous\/tournees\/"},"modified":"2025-07-15T11:48:20","modified_gmt":"2025-07-15T15:48:20","slug":"tournees","status":"publish","type":"page","link":"https:\/\/sagesfous.com\/en\/les-sages-fous\/tournees\/","title":{"rendered":"Tours"},"content":{"rendered":"\n<section class=\"wp-block-stereo-section-bloc section-block-normal\"><div class=\"wp-block-stereo-section__container\"><div class=\"wp-block-stereo-section__col is-layout-flow wp-block-section-bloc-is-layout-flow\">\n<h2 class=\"wp-block-heading is-style-default\">Now on tour<\/h2>\n\n\n\n<ul class=\"wp-block-list\">\n<li>No tour dates are scheduled at this time\u2014stay tuned!<\/li>\n<\/ul>\n<\/div><\/div><\/section>\n\n\n\n<section class=\"wp-block-stereo-section-bloc section-block-normal\"><div class=\"wp-block-stereo-section__container\"><div class=\"wp-block-stereo-section__col is-layout-flow wp-block-section-bloc-is-layout-flow\">\n<h2 class=\"wp-block-heading is-style-default\"><strong>PAST EVENTS<\/strong><\/h2>\n\n\n\n<h4 class=\"wp-block-heading is-style-alternate\">TRICYCKLE<\/h4>\n\n\n    <div class=\"c-event-list block-event-list\">\n                    <div class=\"c-event-list__item u-pb-md\">\n                <div class=\"c-event-list__item__date\">\n                    <span class=\"\">March 2025<\/span>\n                <\/div>\n                <div class=\"c-event-list__item__content\">\n                    <span class=\"\">Salle le Trait d&#8217;union, Nantiat, France<\/span>\n                <\/div>\n            <\/div>\n                <div class=\"c-event-list__item u-pb-md\">\n                <div class=\"c-event-list__item__date\">\n                    <span class=\"\">March 2025<\/span>\n                <\/div>\n                <div class=\"c-event-list__item__content\">\n                    <span class=\"\">Th\u00e9\u00e2tre Victor Hugo, Bagneux, France<\/span>\n                <\/div>\n            <\/div>\n                <div class=\"c-event-list__item u-pb-md\">\n                <div class=\"c-event-list__item__date\">\n                    <span class=\"\">March 2025<\/span>\n                <\/div>\n                <div class=\"c-event-list__item__content\">\n                    <span class=\"\">Le Tas de Sable, Amiens, France<\/span>\n                <\/div>\n            <\/div>\n                <div class=\"c-event-list__item u-pb-md\">\n                <div class=\"c-event-list__item__date\">\n                    <span class=\"\">March 2025<\/span>\n                <\/div>\n                <div class=\"c-event-list__item__content\">\n                    <span class=\"\">Salle le MoM, Li\u00e8ge, Belgium<\/span>\n                <\/div>\n            <\/div>\n                <div class=\"c-event-list__item u-pb-md\">\n                <div class=\"c-event-list__item__date\">\n                    <span class=\"\">March 2025<\/span>\n                <\/div>\n                <div class=\"c-event-list__item__content\">\n                    <span class=\"\">T&#8217; Magisch Theatertje, Maastricht, Netherlands<\/span>\n                <\/div>\n            <\/div>\n                <div class=\"c-event-list__item u-pb-md\">\n                <div class=\"c-event-list__item__date\">\n                    <span class=\"\">April 2025<\/span>\n                <\/div>\n                <div class=\"c-event-list__item__content\">\n                    <span class=\"\">Jugendkunstschule Altenkirchen, Altenkirchen, Germany<\/span>\n                <\/div>\n            <\/div>\n       <\/div>\n\n\n\n<h4 class=\"wp-block-heading is-style-alternate\">TRICYCKLE<\/h4>\n\n\n    <div class=\"c-event-list block-event-list\">\n                    <div class=\"c-event-list__item u-pb-md\">\n                <div class=\"c-event-list__item__date\">\n                    <span class=\"\">November 2023<\/span>\n                <\/div>\n                <div class=\"c-event-list__item__content\">\n                    <span class=\"\">La Mama ETC, New York, NY, USA<\/span>\n                <\/div>\n            <\/div>\n                <div class=\"c-event-list__item u-pb-md\">\n                <div class=\"c-event-list__item__date\">\n                    <span class=\"\">November 2023<\/span>\n                <\/div>\n                <div class=\"c-event-list__item__content\">\n                    <span class=\"\">Mayo Street Arts, Portland, ME, USA<\/span>\n                <\/div>\n            <\/div>\n                <div class=\"c-event-list__item u-pb-md\">\n                <div class=\"c-event-list__item__date\">\n                    <span class=\"\">December 2023<\/span>\n                <\/div>\n                <div class=\"c-event-list__item__content\">\n                    <span class=\"\">Sandglass Theater, Putney, VT, USA<\/span>\n                <\/div>\n            <\/div>\n                <div class=\"c-event-list__item u-pb-md\">\n                <div class=\"c-event-list__item__date\">\n                    <span class=\"\">December 2023<\/span>\n                <\/div>\n                <div class=\"c-event-list__item__content\">\n                    <span class=\"\">Puppet Showplace Theater, Boston, USA<\/span>\n                <\/div>\n            <\/div>\n       <\/div>\n<\/div><\/div><\/section>\n\n\n\n<section class=\"wp-block-stereo-section-bloc section-block-full\"><div class=\"wp-block-stereo-section__container\"><div class=\"wp-block-stereo-section__col is-layout-flow wp-block-section-bloc-is-layout-flow\">\n       \n        <span class=\"o-responsive-img  -img-full-width block-full-width-image\" style=\"padding-top:31.25%;\"><img fetchpriority=\"high\" decoding=\"async\" width=\"1920\" height=\"1080\" src=\"https:\/\/sagesfous.com\/app\/uploads\/2025\/03\/sages-accueil-2.jpg\" class=\"attachment-o-grid-12 size-o-grid-12\" alt=\"\" loading=\"eager\" srcset=\"https:\/\/sagesfous.com\/app\/uploads\/2025\/03\/sages-accueil-2.jpg 1920w, https:\/\/sagesfous.com\/app\/uploads\/2025\/03\/sages-accueil-2-1024x576.jpg 1024w, https:\/\/sagesfous.com\/app\/uploads\/2025\/03\/sages-accueil-2-500x281.jpg 500w, https:\/\/sagesfous.com\/app\/uploads\/2025\/03\/sages-accueil-2-768x432.jpg 768w, https:\/\/sagesfous.com\/app\/uploads\/2025\/03\/sages-accueil-2-1536x864.jpg 1536w\" sizes=\"(max-width: 1920px) 100vw, 1920px\" \/><\/span>     \n<\/div><\/div><\/section>\n\n\n\n<section class=\"wp-block-stereo-section-bloc section-block-normal\"><div class=\"wp-block-stereo-section__container\"><div class=\"wp-block-stereo-section__col is-layout-flow wp-block-section-bloc-is-layout-flow\">\n<h4 class=\"wp-block-heading is-style-alternate\">LE CIRQUE ORPHELIN<\/h4>\n\n\n    <div class=\"c-event-list block-event-list\">\n                    <div class=\"c-event-list__item u-pb-md\">\n                <div class=\"c-event-list__item__date\">\n                    <span class=\"\">September 2023<\/span>\n                <\/div>\n                <div class=\"c-event-list__item__content\">\n                    <span class=\"\">Mauricie Arts Vivants, Saint-Mathieu du Parc<\/span>\n                <\/div>\n            <\/div>\n                <div class=\"c-event-list__item u-pb-md\">\n                <div class=\"c-event-list__item__date\">\n                    <span class=\"\">April 2023<\/span>\n                <\/div>\n                <div class=\"c-event-list__item__content\">\n                    <span class=\"\">Maison de la Culture de Trois-Rivi\u00e8res<\/span>\n                <\/div>\n            <\/div>\n                <div class=\"c-event-list__item u-pb-md\">\n                <div class=\"c-event-list__item__date\">\n                    <span class=\"\">May 2023<\/span>\n                <\/div>\n                <div class=\"c-event-list__item__content\">\n                    <span class=\"\">V\u00e9lo Th\u00e9\u00e2tre &#8211; Apt, France<\/span>\n                <\/div>\n            <\/div>\n                <div class=\"c-event-list__item u-pb-md\">\n                <div class=\"c-event-list__item__date\">\n                    <span class=\"\">May 2023<\/span>\n                <\/div>\n                <div class=\"c-event-list__item__content\">\n                    <span class=\"\">Les Enfants Sauvages &#8211; Montherm\u00e9, France<\/span>\n                <\/div>\n            <\/div>\n                <div class=\"c-event-list__item u-pb-md\">\n                <div class=\"c-event-list__item__date\">\n                    <span class=\"\">May 2023<\/span>\n                <\/div>\n                <div class=\"c-event-list__item__content\">\n                    <span class=\"\">Mouffetard &#8211; Th\u00e9\u00e2tre des arts de la Marionnette &#8211; Biennale internationale des arts de la marionnette, Paris, France<\/span>\n                <\/div>\n            <\/div>\n                <div class=\"c-event-list__item u-pb-md\">\n                <div class=\"c-event-list__item__date\">\n                    <span class=\"\">May 2023<\/span>\n                <\/div>\n                <div class=\"c-event-list__item__content\">\n                    <span class=\"\">Asbl Defo, Li\u00e8ge, Belgique<\/span>\n                <\/div>\n            <\/div>\n                <div class=\"c-event-list__item u-pb-md\">\n                <div class=\"c-event-list__item__date\">\n                    <span class=\"\">May 2023<\/span>\n                <\/div>\n                <div class=\"c-event-list__item__content\">\n                    <span class=\"\">Tof Th\u00e9\u00e2tre &#8211; Le Monty, Gennappe, Belgique<\/span>\n                <\/div>\n            <\/div>\n       <\/div>\n<\/div><\/div><\/section>\n\n\n\n<section class=\"wp-block-stereo-section-bloc section-block-full\"><div class=\"wp-block-stereo-section__container\"><div class=\"wp-block-stereo-section__col is-layout-flow wp-block-section-bloc-is-layout-flow\">\n       \n        <span class=\"o-responsive-img  -img-full-width block-full-width-image\" style=\"padding-top:31.25%;\"><img decoding=\"async\" width=\"2560\" height=\"1741\" src=\"https:\/\/sagesfous.com\/app\/uploads\/2025\/03\/01-i-sagesfous-09-copie-scaled.jpg\" class=\"attachment-o-grid-12 size-o-grid-12\" alt=\"\" loading=\"eager\" srcset=\"https:\/\/sagesfous.com\/app\/uploads\/2025\/03\/01-i-sagesfous-09-copie-scaled.jpg 2560w, https:\/\/sagesfous.com\/app\/uploads\/2025\/03\/01-i-sagesfous-09-copie-1024x696.jpg 1024w, https:\/\/sagesfous.com\/app\/uploads\/2025\/03\/01-i-sagesfous-09-copie-1920x1306.jpg 1920w, https:\/\/sagesfous.com\/app\/uploads\/2025\/03\/01-i-sagesfous-09-copie-500x340.jpg 500w, https:\/\/sagesfous.com\/app\/uploads\/2025\/03\/01-i-sagesfous-09-copie-768x522.jpg 768w, https:\/\/sagesfous.com\/app\/uploads\/2025\/03\/01-i-sagesfous-09-copie-1536x1045.jpg 1536w, https:\/\/sagesfous.com\/app\/uploads\/2025\/03\/01-i-sagesfous-09-copie-2048x1393.jpg 2048w\" sizes=\"(max-width: 2560px) 100vw, 2560px\" \/><\/span>     \n<\/div><\/div><\/section>\n\n\n\n<section class=\"wp-block-stereo-section-bloc section-block-normal\"><div class=\"wp-block-stereo-section__container\"><div class=\"wp-block-stereo-section__col is-layout-flow wp-block-section-bloc-is-layout-flow\">\n<h4 class=\"wp-block-heading is-style-alternate\">PETITS PAINS OUBLI\u00c9S<\/h4>\n\n\n    <div class=\"c-event-list block-event-list\">\n                    <div class=\"c-event-list__item u-pb-md\">\n                <div class=\"c-event-list__item__date\">\n                    <span class=\"\">June 2023<\/span>\n                <\/div>\n                <div class=\"c-event-list__item__content\">\n                    <span class=\"\">Masq&#8217;Alors !, Saint-Camille<\/span>\n                <\/div>\n            <\/div>\n                <div class=\"c-event-list__item u-pb-md\">\n                <div class=\"c-event-list__item__date\">\n                    <span class=\"\">July 2023<\/span>\n                <\/div>\n                <div class=\"c-event-list__item__content\">\n                    <span class=\"\">FIAMS (Festival international des arts de la marionnette de Saguenay), Saguenay<\/span>\n                <\/div>\n            <\/div>\n       <\/div>\n\n\n\n<div class=\"wp-block-group is-layout-grid wp-container-core-group-is-layout-2ee6572b wp-block-group-is-layout-grid\">\n<div class=\"wp-block-group wp-container-content-4ad9bbd1 is-layout-constrained wp-block-group-is-layout-constrained\"><\/div>\n\n\n\n<div class=\"wp-block-group wp-container-content-bda37d6c is-layout-constrained wp-block-group-is-layout-constrained\"><\/div>\n<\/div>\n<\/div><\/div><\/section>\n\n\n\n<section class=\"wp-block-stereo-section-bloc section-block-full\"><div class=\"wp-block-stereo-section__container\"><div class=\"wp-block-stereo-section__col is-layout-flow wp-block-section-bloc-is-layout-flow\">\n       \n        <span class=\"o-responsive-img  -img-full-width block-full-width-image\" style=\"padding-top:31.25%;\"><img decoding=\"async\" width=\"2560\" height=\"1707\" src=\"https:\/\/sagesfous.com\/app\/uploads\/2025\/03\/img-4250-scaled.jpg\" class=\"attachment-o-grid-12 size-o-grid-12\" alt=\"\" loading=\"eager\" srcset=\"https:\/\/sagesfous.com\/app\/uploads\/2025\/03\/img-4250-scaled.jpg 2560w, https:\/\/sagesfous.com\/app\/uploads\/2025\/03\/img-4250-1024x683.jpg 1024w, https:\/\/sagesfous.com\/app\/uploads\/2025\/03\/img-4250-1920x1280.jpg 1920w, https:\/\/sagesfous.com\/app\/uploads\/2025\/03\/img-4250-500x333.jpg 500w, https:\/\/sagesfous.com\/app\/uploads\/2025\/03\/img-4250-768x512.jpg 768w, https:\/\/sagesfous.com\/app\/uploads\/2025\/03\/img-4250-1536x1024.jpg 1536w, https:\/\/sagesfous.com\/app\/uploads\/2025\/03\/img-4250-2048x1365.jpg 2048w\" sizes=\"(max-width: 2560px) 100vw, 2560px\" \/><\/span>     \n<\/div><\/div><\/section>\n","protected":false},"excerpt":{"rendered":"","protected":false},"author":1,"featured_media":2745,"parent":3170,"menu_order":3,"comment_status":"closed","ping_status":"closed","template":"","meta":{"_acf_changed":false,"footnotes":""},"class_list":["post-3215","page","type-page","status-publish","has-post-thumbnail","hentry"],"acf":[],"_links":{"self":[{"href":"https:\/\/sagesfous.com\/en\/wp-json\/wp\/v2\/pages\/3215","targetHints":{"allow":["GET"]}}],"collection":[{"href":"https:\/\/sagesfous.com\/en\/wp-json\/wp\/v2\/pages"}],"about":[{"href":"https:\/\/sagesfous.com\/en\/wp-json\/wp\/v2\/types\/page"}],"author":[{"embeddable":true,"href":"https:\/\/sagesfous.com\/en\/wp-json\/wp\/v2\/users\/1"}],"replies":[{"embeddable":true,"href":"https:\/\/sagesfous.com\/en\/wp-json\/wp\/v2\/comments?post=3215"}],"version-history":[{"count":3,"href":"https:\/\/sagesfous.com\/en\/wp-json\/wp\/v2\/pages\/3215\/revisions"}],"predecessor-version":[{"id":3224,"href":"https:\/\/sagesfous.com\/en\/wp-json\/wp\/v2\/pages\/3215\/revisions\/3224"}],"up":[{"embeddable":true,"href":"https:\/\/sagesfous.com\/en\/wp-json\/wp\/v2\/pages\/3170"}],"wp:featuredmedia":[{"embeddable":true,"href":"https:\/\/sagesfous.com\/en\/wp-json\/wp\/v2\/media\/2745"}],"wp:attachment":[{"href":"https:\/\/sagesfous.com\/en\/wp-json\/wp\/v2\/media?parent=3215"}],"curies":[{"name":"wp","href":"https:\/\/api.w.org\/{rel}","templated":true}]}}