{"id":3193,"date":"2025-02-28T09:56:33","date_gmt":"2025-02-28T14:56:33","guid":{"rendered":"https:\/\/sagesfous.com\/la-fabrique-de-theatre-insolite\/"},"modified":"2025-07-15T11:00:59","modified_gmt":"2025-07-15T15:00:59","slug":"la-fabrique-de-theatre-insolite","status":"publish","type":"page","link":"https:\/\/sagesfous.com\/en\/la-fabrique-de-theatre-insolite\/","title":{"rendered":"La Fabrique de th\u00e9\u00e2tre insolite"},"content":{"rendered":"\n<section class=\"wp-block-stereo-section-bloc section-block-normal\"><div class=\"wp-block-stereo-section__container\"><div class=\"wp-block-stereo-section__col is-layout-flow wp-block-section-bloc-is-layout-flow\">\n<h4 class=\"wp-block-heading is-style-alternate-3\">An unusual sanctuary dedicated to the creation of puppetry and object theater<\/h4>\n\n\n<div class=\"gallery-lightbox\" data-module=\"GLightbox\">\n<figure class=\"wp-block-gallery has-nested-images columns-4 is-cropped wp-block-gallery-1 is-layout-flex wp-block-gallery-is-layout-flex\">\n<figure class=\"wp-block-image size-large\"><a href=\"https:\/\/sagesfous.com\/app\/uploads\/2025\/04\/facade-sans-logo-copie-2-2000x1500-1.jpeg\"><img loading=\"lazy\" decoding=\"async\" width=\"1920\" height=\"1080\" data-id=\"1739\" src=\"https:\/\/sagesfous.com\/app\/uploads\/2025\/04\/facade-sans-logo-copie-2-2000x1500-1-1920x1080.jpeg\" alt=\"\" class=\"wp-image-1739\" srcset=\"https:\/\/sagesfous.com\/app\/uploads\/2025\/04\/facade-sans-logo-copie-2-2000x1500-1-1920x1080.jpeg 1920w, https:\/\/sagesfous.com\/app\/uploads\/2025\/04\/facade-sans-logo-copie-2-2000x1500-1-1024x576.jpeg 1024w, https:\/\/sagesfous.com\/app\/uploads\/2025\/04\/facade-sans-logo-copie-2-2000x1500-1-500x281.jpeg 500w, https:\/\/sagesfous.com\/app\/uploads\/2025\/04\/facade-sans-logo-copie-2-2000x1500-1-768x432.jpeg 768w, https:\/\/sagesfous.com\/app\/uploads\/2025\/04\/facade-sans-logo-copie-2-2000x1500-1-1536x864.jpeg 1536w, https:\/\/sagesfous.com\/app\/uploads\/2025\/04\/facade-sans-logo-copie-2-2000x1500-1.jpeg 2000w\" sizes=\"auto, (max-width: 1920px) 100vw, 1920px\" \/><\/a><\/figure>\n\n\n\n<figure class=\"wp-block-image size-large\"><a href=\"https:\/\/sagesfous.com\/app\/uploads\/2025\/04\/sages-fous26-2000x685-1.jpeg\"><img loading=\"lazy\" decoding=\"async\" width=\"1217\" height=\"685\" data-id=\"1740\" src=\"https:\/\/sagesfous.com\/app\/uploads\/2025\/04\/sages-fous26-2000x685-1.jpeg\" alt=\"\" class=\"wp-image-1740\" srcset=\"https:\/\/sagesfous.com\/app\/uploads\/2025\/04\/sages-fous26-2000x685-1.jpeg 1217w, https:\/\/sagesfous.com\/app\/uploads\/2025\/04\/sages-fous26-2000x685-1-1024x576.jpeg 1024w, https:\/\/sagesfous.com\/app\/uploads\/2025\/04\/sages-fous26-2000x685-1-500x281.jpeg 500w, https:\/\/sagesfous.com\/app\/uploads\/2025\/04\/sages-fous26-2000x685-1-768x432.jpeg 768w\" sizes=\"auto, (max-width: 1217px) 100vw, 1217px\" \/><\/a><\/figure>\n\n\n\n<figure class=\"wp-block-image size-large\"><a href=\"https:\/\/sagesfous.com\/app\/uploads\/2025\/04\/20190927-83-2000x1333-1.jpeg\"><img loading=\"lazy\" decoding=\"async\" width=\"1920\" height=\"1080\" data-id=\"1742\" src=\"https:\/\/sagesfous.com\/app\/uploads\/2025\/04\/20190927-83-2000x1333-1-1920x1080.jpeg\" alt=\"\" class=\"wp-image-1742\" srcset=\"https:\/\/sagesfous.com\/app\/uploads\/2025\/04\/20190927-83-2000x1333-1-1920x1080.jpeg 1920w, https:\/\/sagesfous.com\/app\/uploads\/2025\/04\/20190927-83-2000x1333-1-1024x576.jpeg 1024w, https:\/\/sagesfous.com\/app\/uploads\/2025\/04\/20190927-83-2000x1333-1-500x281.jpeg 500w, https:\/\/sagesfous.com\/app\/uploads\/2025\/04\/20190927-83-2000x1333-1-768x432.jpeg 768w, https:\/\/sagesfous.com\/app\/uploads\/2025\/04\/20190927-83-2000x1333-1-1536x864.jpeg 1536w, https:\/\/sagesfous.com\/app\/uploads\/2025\/04\/20190927-83-2000x1333-1.jpeg 2000w\" sizes=\"auto, (max-width: 1920px) 100vw, 1920px\" \/><\/a><\/figure>\n<\/figure>\n<\/div>\n\n\n<p><strong>La Fabrique de th\u00e9\u00e2tre insolite<\/strong>, the creation hub and performance space of the theatre company Les Sages Fous, opened its doors in the winter of 2024.<\/p>\n\n\n\n<p>This inspiring venue specializes in the creation of new theatrical works in contemporary puppetry: a visual and hybrid art form at the crossroads of many worlds. Years in the making, the project of La Fabrique de th\u00e9\u00e2tre insolite is something of a fairytale. It is the fabulous story of a building being reborn into its community.<\/p>\n\n\n\n<p>It is a place of dreams, dedicated to the birthing of new works in puppetry.<\/p>\n\n\n\n<p>It is the story of a very \u201chands on\u201d theatre company who, after touring in festivals and theatres all over the world, will finally have a venue that will give it a year-round, local and lasting presence in its town and region.<\/p>\n\n\n\n<p><strong>La Fabrique de th\u00e9\u00e2tre insolite<\/strong> will be the hub of Les Sages Fous work; permitting them to explore, expand, and to dream up worlds otherwise impossible.<\/p>\n\n\n\n<p>It will also be the heart of les Sages Fous infamous biannual festival dedicated to work in progress founded in 2002: &#8221;Microfestival de marionnettes inachev\u00e9es&#8221; as well as the &#8221;Saison de th\u00e9\u00e2tre insolite&#8221;which present, since 2009, an intriguing array of unusual theatre pieces destined for unconventional spaces.<\/p>\n\n\n\n<p>These two beloved events have invited over 106 artistic groups from over 12 countries to perform in Trois-Rivi\u00e8res for the enthusiastic and heteroclite audiences of the city. They are at the very heart of the project of <strong>La Fabrique de th\u00e9\u00e2tre insolite<\/strong>.<\/p>\n\n\n\n<p><strong>La Fabrique de th\u00e9\u00e2tre insolite<\/strong> will also host innovative artists- puppeteers from here and abroad, for creative residencies. The entire population will have privileged access to the creation process of artists from all over the world who will propose exciting, unusual theatre for all ages.<\/p>\n\n\n<div class=\"gallery-lightbox\" data-module=\"GLightbox\">\n<figure class=\"wp-block-gallery has-nested-images columns-4 is-cropped wp-block-gallery-2 is-layout-flex wp-block-gallery-is-layout-flex\">\n<figure class=\"wp-block-image size-medium\"><a href=\"https:\/\/sagesfous.com\/app\/uploads\/2025\/07\/23070140-copie-2-2000x1333-1.jpeg\"><img loading=\"lazy\" decoding=\"async\" width=\"1024\" height=\"576\" data-id=\"3093\" src=\"https:\/\/sagesfous.com\/app\/uploads\/2025\/07\/23070140-copie-2-2000x1333-1-1024x576.jpeg\" alt=\"\" class=\"wp-image-3093\" srcset=\"https:\/\/sagesfous.com\/app\/uploads\/2025\/07\/23070140-copie-2-2000x1333-1-1024x576.jpeg 1024w, https:\/\/sagesfous.com\/app\/uploads\/2025\/07\/23070140-copie-2-2000x1333-1-500x281.jpeg 500w, https:\/\/sagesfous.com\/app\/uploads\/2025\/07\/23070140-copie-2-2000x1333-1-768x432.jpeg 768w, https:\/\/sagesfous.com\/app\/uploads\/2025\/07\/23070140-copie-2-2000x1333-1-1536x864.jpeg 1536w, https:\/\/sagesfous.com\/app\/uploads\/2025\/07\/23070140-copie-2-2000x1333-1.jpeg 1600w\" sizes=\"auto, (max-width: 1024px) 100vw, 1024px\" \/><\/a><\/figure>\n\n\n\n<figure class=\"wp-block-image size-medium\"><a href=\"https:\/\/sagesfous.com\/app\/uploads\/2025\/07\/img-3894-2000x1333-1.jpeg\"><img loading=\"lazy\" decoding=\"async\" width=\"1024\" height=\"576\" data-id=\"3097\" src=\"https:\/\/sagesfous.com\/app\/uploads\/2025\/07\/img-3894-2000x1333-1-1024x576.jpeg\" alt=\"\" class=\"wp-image-3097\" srcset=\"https:\/\/sagesfous.com\/app\/uploads\/2025\/07\/img-3894-2000x1333-1-1024x576.jpeg 1024w, https:\/\/sagesfous.com\/app\/uploads\/2025\/07\/img-3894-2000x1333-1-500x281.jpeg 500w, https:\/\/sagesfous.com\/app\/uploads\/2025\/07\/img-3894-2000x1333-1-768x432.jpeg 768w, https:\/\/sagesfous.com\/app\/uploads\/2025\/07\/img-3894-2000x1333-1-1536x864.jpeg 1536w, https:\/\/sagesfous.com\/app\/uploads\/2025\/07\/img-3894-2000x1333-1.jpeg 1889w\" sizes=\"auto, (max-width: 1024px) 100vw, 1024px\" \/><\/a><\/figure>\n\n\n\n<figure class=\"wp-block-image size-medium\"><a href=\"https:\/\/sagesfous.com\/app\/uploads\/2025\/07\/copie-de-promo2025-034-scaled.jpg\"><img loading=\"lazy\" decoding=\"async\" width=\"1024\" height=\"683\" data-id=\"3099\" src=\"https:\/\/sagesfous.com\/app\/uploads\/2025\/07\/copie-de-promo2025-034-1024x683.jpg\" alt=\"\" class=\"wp-image-3099\" srcset=\"https:\/\/sagesfous.com\/app\/uploads\/2025\/07\/copie-de-promo2025-034-1024x683.jpg 1024w, https:\/\/sagesfous.com\/app\/uploads\/2025\/07\/copie-de-promo2025-034-1920x1280.jpg 1920w, https:\/\/sagesfous.com\/app\/uploads\/2025\/07\/copie-de-promo2025-034-500x333.jpg 500w, https:\/\/sagesfous.com\/app\/uploads\/2025\/07\/copie-de-promo2025-034-768x512.jpg 768w, https:\/\/sagesfous.com\/app\/uploads\/2025\/07\/copie-de-promo2025-034-1536x1024.jpg 1536w, https:\/\/sagesfous.com\/app\/uploads\/2025\/07\/copie-de-promo2025-034-2048x1365.jpg 2048w\" sizes=\"auto, (max-width: 1024px) 100vw, 1024px\" \/><\/a><\/figure>\n\n\n\n<figure class=\"wp-block-image size-medium\"><a href=\"https:\/\/sagesfous.com\/app\/uploads\/2025\/07\/2026-goupil-kosmao-le-diamant-visuel-1.jpg\"><img loading=\"lazy\" decoding=\"async\" width=\"1024\" height=\"1024\" data-id=\"3101\" src=\"https:\/\/sagesfous.com\/app\/uploads\/2025\/07\/2026-goupil-kosmao-le-diamant-visuel-1-1024x1024.jpg\" alt=\"\" class=\"wp-image-3101\" srcset=\"https:\/\/sagesfous.com\/app\/uploads\/2025\/07\/2026-goupil-kosmao-le-diamant-visuel-1-1024x1024.jpg 1024w, https:\/\/sagesfous.com\/app\/uploads\/2025\/07\/2026-goupil-kosmao-le-diamant-visuel-1-500x500.jpg 500w, https:\/\/sagesfous.com\/app\/uploads\/2025\/07\/2026-goupil-kosmao-le-diamant-visuel-1-768x768.jpg 768w, https:\/\/sagesfous.com\/app\/uploads\/2025\/07\/2026-goupil-kosmao-le-diamant-visuel-1.jpg 1200w\" sizes=\"auto, (max-width: 1024px) 100vw, 1024px\" \/><\/a><\/figure>\n<\/figure>\n<\/div><\/div><\/div><\/section>\n\n\n\n<section class=\"wp-block-stereo-section-bloc section-block-medium is-layout-flow wp-block-section-bloc-is-layout-flow\"><div class=\"wp-block-stereo-section__container\"><div class=\"wp-block-stereo-section__col\"><\/div><\/div><\/section>\n\n\n\n<p><\/p>\n","protected":false},"excerpt":{"rendered":"","protected":false},"author":1,"featured_media":2781,"parent":0,"menu_order":0,"comment_status":"closed","ping_status":"closed","template":"","meta":{"_acf_changed":false,"footnotes":""},"class_list":["post-3193","page","type-page","status-publish","has-post-thumbnail","hentry"],"acf":[],"_links":{"self":[{"href":"https:\/\/sagesfous.com\/en\/wp-json\/wp\/v2\/pages\/3193","targetHints":{"allow":["GET"]}}],"collection":[{"href":"https:\/\/sagesfous.com\/en\/wp-json\/wp\/v2\/pages"}],"about":[{"href":"https:\/\/sagesfous.com\/en\/wp-json\/wp\/v2\/types\/page"}],"author":[{"embeddable":true,"href":"https:\/\/sagesfous.com\/en\/wp-json\/wp\/v2\/users\/1"}],"replies":[{"embeddable":true,"href":"https:\/\/sagesfous.com\/en\/wp-json\/wp\/v2\/comments?post=3193"}],"version-history":[{"count":1,"href":"https:\/\/sagesfous.com\/en\/wp-json\/wp\/v2\/pages\/3193\/revisions"}],"predecessor-version":[{"id":3195,"href":"https:\/\/sagesfous.com\/en\/wp-json\/wp\/v2\/pages\/3193\/revisions\/3195"}],"wp:featuredmedia":[{"embeddable":true,"href":"https:\/\/sagesfous.com\/en\/wp-json\/wp\/v2\/media\/2781"}],"wp:attachment":[{"href":"https:\/\/sagesfous.com\/en\/wp-json\/wp\/v2\/media?parent=3193"}],"curies":[{"name":"wp","href":"https:\/\/api.w.org\/{rel}","templated":true}]}}